{"id":16,"date":"2022-07-04T06:36:47","date_gmt":"2022-07-04T06:36:47","guid":{"rendered":"https:\/\/euadatvedelem.hu\/?page_id=16"},"modified":"2023-10-03T19:14:50","modified_gmt":"2023-10-03T19:14:50","slug":"kezdolap","status":"publish","type":"page","link":"https:\/\/euadatvedelem.hu\/","title":{"rendered":"Kezd\u0151lap"},"content":{"rendered":"<p>[et_pb_section fb_built=&#8221;1&#8243; admin_label=&#8221;Practice Section&#8221; _builder_version=&#8221;4.18.0&#8243; background_color=&#8221;#0d3a3a&#8221; custom_padding=&#8221;28px||56px|||&#8221; global_colors_info=&#8221;{}&#8221;][et_pb_row use_custom_gutter=&#8221;on&#8221; gutter_width=&#8221;4&#8243; make_equal=&#8221;on&#8221; admin_label=&#8221;Practice Area&#8221; _builder_version=&#8221;4.17.6&#8243; width=&#8221;100%&#8221; max_width=&#8221;2560px&#8221; locked=&#8221;off&#8221; global_colors_info=&#8221;{}&#8221;][et_pb_column type=&#8221;4_4&#8243; _builder_version=&#8221;4.16&#8243; custom_padding=&#8221;|||&#8221; global_colors_info=&#8221;{}&#8221; custom_padding__hover=&#8221;|||&#8221;][et_pb_blurb title=&#8221;Dr. Girst Julianna \u00dcgyv\u00e9d&#8221; image=&#8221;https:\/\/euadatvedelem.hu\/wp-content\/uploads\/2023\/10\/logo-arany.png&#8221; image_icon_width=&#8221;39%&#8221; _builder_version=&#8221;4.18.0&#8243; _module_preset=&#8221;default&#8221; header_font=&#8221;Times New Roman||||||||&#8221; header_text_align=&#8221;center&#8221; header_text_color=&#8221;#f5f5dc&#8221; header_font_size=&#8221;68px&#8221; header_line_height=&#8221;1.4em&#8221; text_orientation=&#8221;center&#8221; background_layout=&#8221;dark&#8221; header_font_size_tablet=&#8221;68px&#8221; header_font_size_phone=&#8221;50px&#8221; header_font_size_last_edited=&#8221;on|phone&#8221; global_colors_info=&#8221;{}&#8221;][\/et_pb_blurb][et_pb_divider color=&#8221;#ecef3b&#8221; divider_position=&#8221;center&#8221; divider_weight=&#8221;3px&#8221; _builder_version=&#8221;4.18.0&#8243; max_width=&#8221;70px&#8221; module_alignment=&#8221;center&#8221; animation_style=&#8221;slide&#8221; animation_direction=&#8221;top&#8221; animation_intensity_slide=&#8221;10%&#8221; animation_starting_opacity=&#8221;100%&#8221; global_colors_info=&#8221;{}&#8221;][\/et_pb_divider][\/et_pb_column][\/et_pb_row][et_pb_row use_custom_gutter=&#8221;on&#8221; gutter_width=&#8221;4&#8243; make_equal=&#8221;on&#8221; _builder_version=&#8221;4.18.0&#8243; _module_preset=&#8221;default&#8221; background_color=&#8221;#ffb000&#8243; use_background_color_gradient=&#8221;on&#8221; background_color_gradient_type=&#8221;circular&#8221; background_color_gradient_stops=&#8221;#f0eb7e 0%|#edc741 71%&#8221; width=&#8221;100%&#8221; max_width=&#8221;2560px&#8221; custom_padding=&#8221;11px||8px|||&#8221; global_colors_info=&#8221;{}&#8221;][et_pb_column type=&#8221;4_4&#8243; _builder_version=&#8221;4.17.6&#8243; _module_preset=&#8221;default&#8221; global_colors_info=&#8221;{}&#8221;][et_pb_text _builder_version=&#8221;4.18.0&#8243; _module_preset=&#8221;default&#8221; header_font=&#8221;Times New Roman|||on|||||&#8221; header_text_align=&#8221;center&#8221; header_text_color=&#8221;#000000&#8243; header_font_size=&#8221;50px&#8221; custom_margin=&#8221;||-5px|||&#8221; header_font_size_tablet=&#8221;80px&#8221; header_font_size_phone=&#8221;36px&#8221; header_font_size_last_edited=&#8221;on|phone&#8221; global_colors_info=&#8221;{}&#8221;]<\/p>\n<h1>EUADATVEDELeM.HU<\/h1>\n<p>[\/et_pb_text][\/et_pb_column][\/et_pb_row][et_pb_row column_structure=&#8221;1_2,1_2&#8243; _builder_version=&#8221;4.17.6&#8243; _module_preset=&#8221;default&#8221; global_colors_info=&#8221;{}&#8221;][et_pb_column type=&#8221;1_2&#8243; _builder_version=&#8221;4.17.6&#8243; _module_preset=&#8221;default&#8221; global_colors_info=&#8221;{}&#8221;][et_pb_blurb image=&#8221;https:\/\/euadatvedelem.hu\/wp-content\/uploads\/2023\/10\/logo-arany.png&#8221; image_icon_width=&#8221;34%&#8221; _builder_version=&#8221;4.18.0&#8243; _module_preset=&#8221;default&#8221; body_font=&#8221;Times New Roman|700|||||||&#8221; body_text_align=&#8221;center&#8221; body_text_color=&#8221;#edc741&#8243; body_font_size=&#8221;28px&#8221; body_font_size_tablet=&#8221;28px&#8221; body_font_size_phone=&#8221;23px&#8221; body_font_size_last_edited=&#8221;on|phone&#8221; global_colors_info=&#8221;{}&#8221;]<\/p>\n<p>Munkajogi szakjog\u00e1sz<\/p>\n<p>Csal\u00e1djog\u00e1sz<\/p>\n<p>Szerz\u0151d\u00e9sek (ingatlan\u00fcgyek, aj\u00e1nd\u00e9koz\u00e1si szerz\u0151d\u00e9s, ad\u00e1sv\u00e9teli szerz\u0151d\u00e9s)<\/p>\n<p>Adatv\u00e9delmi \u00e9s Adatbiztons\u00e1gi szakjog\u00e1sz (GDPR)<\/p>\n<p>[\/et_pb_blurb][\/et_pb_column][et_pb_column type=&#8221;1_2&#8243; _builder_version=&#8221;4.17.6&#8243; _module_preset=&#8221;default&#8221; global_colors_info=&#8221;{}&#8221;][et_pb_blurb title=&#8221;+36 20 933 1792&#8243; use_icon=&#8221;on&#8221; font_icon=&#8221;&#xe090;||divi||400&#8243; icon_color=&#8221;#edc741&#8243; image_icon_background_color=&#8221;RGBA(255,255,255,0)&#8221; icon_placement=&#8221;left&#8221; image_icon_width=&#8221;36px&#8221; image_icon_width_tablet=&#8221;63px&#8221; image_icon_width_phone=&#8221;33px&#8221; image_icon_width_last_edited=&#8221;on|phone&#8221; _builder_version=&#8221;4.18.0&#8243; _module_preset=&#8221;default&#8221; header_font=&#8221;|700|||||||&#8221; header_text_align=&#8221;left&#8221; header_text_color=&#8221;#f5f5dc&#8221; header_font_size=&#8221;25px&#8221; header_font_size_tablet=&#8221;29px&#8221; header_font_size_phone=&#8221;18px&#8221; header_font_size_last_edited=&#8221;on|phone&#8221; global_colors_info=&#8221;{}&#8221;][\/et_pb_blurb][et_pb_blurb title=&#8221;ugyved@euadatvedelem.hu&#8221; use_icon=&#8221;on&#8221; font_icon=&#8221;&#xe076;||divi||400&#8243; icon_color=&#8221;#edc741&#8243; image_icon_background_color=&#8221;RGBA(255,255,255,0)&#8221; icon_placement=&#8221;left&#8221; image_icon_width=&#8221;36px&#8221; image_icon_width_tablet=&#8221;63px&#8221; image_icon_width_phone=&#8221;33px&#8221; image_icon_width_last_edited=&#8221;on|phone&#8221; _builder_version=&#8221;4.17.6&#8243; _module_preset=&#8221;default&#8221; header_font=&#8221;|700|||||||&#8221; header_text_align=&#8221;left&#8221; header_text_color=&#8221;#f5f5dc&#8221; header_font_size=&#8221;25px&#8221; header_font_size_tablet=&#8221;29px&#8221; header_font_size_phone=&#8221;18px&#8221; header_font_size_last_edited=&#8221;on|phone&#8221; global_colors_info=&#8221;{}&#8221;][\/et_pb_blurb][et_pb_blurb title=&#8221;Dr. Girst Julianna \u00dcgyv\u00e9d &#8211; Munkajogi szakjog\u00e1sz&#8221; use_icon=&#8221;on&#8221; font_icon=&#8221;&#xf09a;||fa||400&#8243; icon_color=&#8221;#edc741&#8243; image_icon_background_color=&#8221;RGBA(255,255,255,0)&#8221; icon_placement=&#8221;left&#8221; image_icon_width=&#8221;36px&#8221; image_icon_width_tablet=&#8221;63px&#8221; image_icon_width_phone=&#8221;33px&#8221; image_icon_width_last_edited=&#8221;on|phone&#8221; _builder_version=&#8221;4.17.6&#8243; _module_preset=&#8221;default&#8221; header_font=&#8221;|700|||||||&#8221; header_text_align=&#8221;left&#8221; header_text_color=&#8221;#f5f5dc&#8221; header_font_size=&#8221;25px&#8221; header_font_size_tablet=&#8221;29px&#8221; header_font_size_phone=&#8221;18px&#8221; header_font_size_last_edited=&#8221;on|phone&#8221; global_colors_info=&#8221;{}&#8221;][\/et_pb_blurb][et_pb_blurb title=&#8221;7030 Paks, Hajnal u. 24. fsz 2.&#8221; use_icon=&#8221;on&#8221; font_icon=&#8221;&#xe081;||divi||400&#8243; icon_color=&#8221;#edc741&#8243; image_icon_background_color=&#8221;RGBA(255,255,255,0)&#8221; icon_placement=&#8221;left&#8221; image_icon_width=&#8221;36px&#8221; image_icon_width_tablet=&#8221;63px&#8221; image_icon_width_phone=&#8221;33px&#8221; image_icon_width_last_edited=&#8221;on|phone&#8221; _builder_version=&#8221;4.18.0&#8243; _module_preset=&#8221;default&#8221; header_font=&#8221;|700|||||||&#8221; header_text_align=&#8221;left&#8221; header_text_color=&#8221;#f5f5dc&#8221; header_font_size=&#8221;25px&#8221; hover_enabled=&#8221;0&#8243; header_font_size_tablet=&#8221;29px&#8221; header_font_size_phone=&#8221;18px&#8221; header_font_size_last_edited=&#8221;on|phone&#8221; global_colors_info=&#8221;{}&#8221; sticky_enabled=&#8221;0&#8243;][\/et_pb_blurb][\/et_pb_column][\/et_pb_row][\/et_pb_section]<\/p>\n","protected":false},"excerpt":{"rendered":"<p>EUADATVEDELeM.HUMunkajogi szakjog\u00e1sz Csal\u00e1djog\u00e1sz Szerz\u0151d\u00e9sek (ingatlan\u00fcgyek, aj\u00e1nd\u00e9koz\u00e1si szerz\u0151d\u00e9s, ad\u00e1sv\u00e9teli szerz\u0151d\u00e9s) Adatv\u00e9delmi \u00e9s Adatbiztons\u00e1gi szakjog\u00e1sz (GDPR)<\/p>\n","protected":false},"author":1,"featured_media":0,"parent":0,"menu_order":0,"comment_status":"closed","ping_status":"closed","template":"","meta":{"_et_pb_use_builder":"on","_et_pb_old_content":"","_et_gb_content_width":"","footnotes":""},"class_list":["post-16","page","type-page","status-publish","hentry"],"yoast_head":"<!-- This site is optimized with the Yoast SEO plugin v21.3 - https:\/\/yoast.com\/wordpress\/plugins\/seo\/ -->\n<title>Kezd\u0151lap - Eu Adatv\u00e9delem<\/title>\n<meta name=\"robots\" content=\"index, follow, max-snippet:-1, max-image-preview:large, max-video-preview:-1\" \/>\n<link rel=\"canonical\" href=\"https:\/\/euadatvedelem.hu\/\" \/>\n<meta property=\"og:locale\" content=\"hu_HU\" \/>\n<meta property=\"og:type\" content=\"article\" \/>\n<meta property=\"og:title\" content=\"Kezd\u0151lap - Eu Adatv\u00e9delem\" \/>\n<meta property=\"og:description\" content=\"EUADATVEDELeM.HUMunkajogi szakjog\u00e1sz Csal\u00e1djog\u00e1sz Szerz\u0151d\u00e9sek (ingatlan\u00fcgyek, aj\u00e1nd\u00e9koz\u00e1si szerz\u0151d\u00e9s, ad\u00e1sv\u00e9teli szerz\u0151d\u00e9s) Adatv\u00e9delmi \u00e9s Adatbiztons\u00e1gi szakjog\u00e1sz (GDPR)\" \/>\n<meta property=\"og:url\" content=\"https:\/\/euadatvedelem.hu\/\" \/>\n<meta property=\"og:site_name\" content=\"Eu Adatv\u00e9delem\" \/>\n<meta property=\"article:modified_time\" content=\"2023-10-03T19:14:50+00:00\" \/>\n<meta name=\"twitter:card\" content=\"summary_large_image\" \/>\n<script type=\"application\/ld+json\" class=\"yoast-schema-graph\">{\"@context\":\"https:\/\/schema.org\",\"@graph\":[{\"@type\":\"WebPage\",\"@id\":\"https:\/\/euadatvedelem.hu\/\",\"url\":\"https:\/\/euadatvedelem.hu\/\",\"name\":\"Kezd\u0151lap - Eu Adatv\u00e9delem\",\"isPartOf\":{\"@id\":\"https:\/\/euadatvedelem.hu\/#website\"},\"datePublished\":\"2022-07-04T06:36:47+00:00\",\"dateModified\":\"2023-10-03T19:14:50+00:00\",\"breadcrumb\":{\"@id\":\"https:\/\/euadatvedelem.hu\/#breadcrumb\"},\"inLanguage\":\"hu\",\"potentialAction\":[{\"@type\":\"ReadAction\",\"target\":[\"https:\/\/euadatvedelem.hu\/\"]}]},{\"@type\":\"BreadcrumbList\",\"@id\":\"https:\/\/euadatvedelem.hu\/#breadcrumb\",\"itemListElement\":[{\"@type\":\"ListItem\",\"position\":1,\"name\":\"Kezd\u0151lap\",\"item\":\"https:\/\/euadatvedelem.hu\/\"},{\"@type\":\"ListItem\",\"position\":2,\"name\":\"Kezd\u0151lap\"}]},{\"@type\":\"WebSite\",\"@id\":\"https:\/\/euadatvedelem.hu\/#website\",\"url\":\"https:\/\/euadatvedelem.hu\/\",\"name\":\"Eu Adatv\u00e9delem\",\"description\":\"Munka\u00fcgyi \u00fcgyv\u00e9d\",\"potentialAction\":[{\"@type\":\"SearchAction\",\"target\":{\"@type\":\"EntryPoint\",\"urlTemplate\":\"https:\/\/euadatvedelem.hu\/?s={search_term_string}\"},\"query-input\":\"required name=search_term_string\"}],\"inLanguage\":\"hu\"}]}<\/script>\n<!-- \/ Yoast SEO plugin. -->","yoast_head_json":{"title":"Kezd\u0151lap - Eu Adatv\u00e9delem","robots":{"index":"index","follow":"follow","max-snippet":"max-snippet:-1","max-image-preview":"max-image-preview:large","max-video-preview":"max-video-preview:-1"},"canonical":"https:\/\/euadatvedelem.hu\/","og_locale":"hu_HU","og_type":"article","og_title":"Kezd\u0151lap - Eu Adatv\u00e9delem","og_description":"EUADATVEDELeM.HUMunkajogi szakjog\u00e1sz Csal\u00e1djog\u00e1sz Szerz\u0151d\u00e9sek (ingatlan\u00fcgyek, aj\u00e1nd\u00e9koz\u00e1si szerz\u0151d\u00e9s, ad\u00e1sv\u00e9teli szerz\u0151d\u00e9s) Adatv\u00e9delmi \u00e9s Adatbiztons\u00e1gi szakjog\u00e1sz (GDPR)","og_url":"https:\/\/euadatvedelem.hu\/","og_site_name":"Eu Adatv\u00e9delem","article_modified_time":"2023-10-03T19:14:50+00:00","twitter_card":"summary_large_image","schema":{"@context":"https:\/\/schema.org","@graph":[{"@type":"WebPage","@id":"https:\/\/euadatvedelem.hu\/","url":"https:\/\/euadatvedelem.hu\/","name":"Kezd\u0151lap - Eu Adatv\u00e9delem","isPartOf":{"@id":"https:\/\/euadatvedelem.hu\/#website"},"datePublished":"2022-07-04T06:36:47+00:00","dateModified":"2023-10-03T19:14:50+00:00","breadcrumb":{"@id":"https:\/\/euadatvedelem.hu\/#breadcrumb"},"inLanguage":"hu","potentialAction":[{"@type":"ReadAction","target":["https:\/\/euadatvedelem.hu\/"]}]},{"@type":"BreadcrumbList","@id":"https:\/\/euadatvedelem.hu\/#breadcrumb","itemListElement":[{"@type":"ListItem","position":1,"name":"Kezd\u0151lap","item":"https:\/\/euadatvedelem.hu\/"},{"@type":"ListItem","position":2,"name":"Kezd\u0151lap"}]},{"@type":"WebSite","@id":"https:\/\/euadatvedelem.hu\/#website","url":"https:\/\/euadatvedelem.hu\/","name":"Eu Adatv\u00e9delem","description":"Munka\u00fcgyi \u00fcgyv\u00e9d","potentialAction":[{"@type":"SearchAction","target":{"@type":"EntryPoint","urlTemplate":"https:\/\/euadatvedelem.hu\/?s={search_term_string}"},"query-input":"required name=search_term_string"}],"inLanguage":"hu"}]}},"_links":{"self":[{"href":"https:\/\/euadatvedelem.hu\/index.php\/wp-json\/wp\/v2\/pages\/16","targetHints":{"allow":["GET"]}}],"collection":[{"href":"https:\/\/euadatvedelem.hu\/index.php\/wp-json\/wp\/v2\/pages"}],"about":[{"href":"https:\/\/euadatvedelem.hu\/index.php\/wp-json\/wp\/v2\/types\/page"}],"author":[{"embeddable":true,"href":"https:\/\/euadatvedelem.hu\/index.php\/wp-json\/wp\/v2\/users\/1"}],"replies":[{"embeddable":true,"href":"https:\/\/euadatvedelem.hu\/index.php\/wp-json\/wp\/v2\/comments?post=16"}],"version-history":[{"count":17,"href":"https:\/\/euadatvedelem.hu\/index.php\/wp-json\/wp\/v2\/pages\/16\/revisions"}],"predecessor-version":[{"id":85,"href":"https:\/\/euadatvedelem.hu\/index.php\/wp-json\/wp\/v2\/pages\/16\/revisions\/85"}],"wp:attachment":[{"href":"https:\/\/euadatvedelem.hu\/index.php\/wp-json\/wp\/v2\/media?parent=16"}],"curies":[{"name":"wp","href":"https:\/\/api.w.org\/{rel}","templated":true}]}}